{"id":139,"date":"2018-12-15T21:55:13","date_gmt":"2018-12-15T20:55:13","guid":{"rendered":"https:\/\/www.weber-bitburg.de\/wp\/?page_id=139"},"modified":"2025-11-18T18:01:01","modified_gmt":"2025-11-18T17:01:01","slug":"impressum","status":"publish","type":"page","link":"https:\/\/www.weber-bitburg.de\/wp\/impressum\/","title":{"rendered":"Impressum"},"content":{"rendered":"<section class=\"wpb-content-wrapper\"><p>[vc_row][vc_column][vc_column_text]<\/p>\n<h3><strong>Postanschrift:<\/strong><\/h3>\n<p>&nbsp;<\/p>\n<h4>Hubert Weber GmbH<\/h4>\n<h4>S\u00fcdring 23<\/h4>\n<h4>54634 Bitburg<\/h4>\n<p>.<\/p>\n<h5>Telefon: +49 (0)6561-7036<\/h5>\n<h5>Fax: +49 (0)6561-2028<\/h5>\n<h5>mail@weber-bitburg.de<\/h5>\n<p>&nbsp;<\/p>\n<p>Gesch\u00e4ftsf\u00fchrung:\u00a0 Gertrud Endres-Weber; Thorsten Weber<\/p>\n<p>Registergericht:\u00a0 Amtsgericht Wittlich, HRB31332<\/p>\n<p>USt-ID-Nr.\u00a0 DE149936829 \/ LU29139307<\/p>\n<p>Inhaltlich Verantwortlicher gem. TMG: Thorsten Weber\u00a0 thorsten.weber@weber-bitburg.de<\/p>\n<p>&nbsp;<\/p>\n<p>&nbsp;<\/p>\n<p class=\"has-small-font-size\">Alle verwendeten Namen, Begriffe, Zeichen und Grafiken k\u00f6nnen Marken- oder Warenzeichen im Besitze ihrer rechtlichen Eigent\u00fcmer sein. Die Rechte aller erw\u00e4hnten und benutzten Marken- und Warenzeichen liegen ausschlie\u00dflich bei deren Besitzern.<\/p>\n<p class=\"has-small-font-size\">Alle Rechte vorbehalten. Es gilt der folgende\u00a0<strong><a href=\"http:\/\/www.disclaimer.de\/disclaimer.htm?farbe=ffffff\/000000\/000000\/000000\" target=\"_blank\" rel=\"noreferrer noopener\" aria-label=\"Alle Rechte vorbehalten. Es gilt der folgende Haftungsausschluss. (opens in a new tab)\">Haftungsausschluss<\/a><\/strong>.<\/p>\n<p>[\/vc_column_text][\/vc_column][\/vc_row]<\/p>\n<\/section>","protected":false},"excerpt":{"rendered":"<p>[vc_row][vc_column][vc_column_text] Postanschrift: &nbsp; Hubert Weber GmbH S\u00fcdring 23 54634 Bitburg . Telefon: +49 (0)6561-7036 Fax: +49 (0)6561-2028 mail@weber-bitburg.de &nbsp; Gesch\u00e4ftsf\u00fchrung:\u00a0 Gertrud Endres-Weber; Thorsten Weber Registergericht:\u00a0 Amtsgericht Wittlich, HRB31332 USt-ID-Nr.\u00a0 DE149936829 \/ LU29139307 Inhaltlich Verantwortlicher gem. TMG: Thorsten Weber\u00a0 thorsten.weber@weber-bitburg.de &nbsp; &nbsp; Alle verwendeten Namen, Begriffe, Zeichen und Grafiken k\u00f6nnen Marken- oder Warenzeichen im Besitze ihrer [&hellip;]<\/p>\n","protected":false},"author":1,"featured_media":0,"parent":0,"menu_order":0,"comment_status":"closed","ping_status":"closed","template":"","meta":{"footnotes":""},"class_list":["post-139","page","type-page","status-publish","hentry"],"yoast_head":"<!-- This site is optimized with the Yoast SEO plugin v27.3 - https:\/\/yoast.com\/product\/yoast-seo-wordpress\/ -->\n<title>Impressum - Hubert Weber GmbH<\/title>\n<meta name=\"robots\" content=\"index, follow, max-snippet:-1, max-image-preview:large, max-video-preview:-1\" \/>\n<link rel=\"canonical\" href=\"https:\/\/www.weber-bitburg.de\/wp\/impressum\/\" \/>\n<meta property=\"og:locale\" content=\"de_DE\" \/>\n<meta property=\"og:type\" content=\"article\" \/>\n<meta property=\"og:title\" content=\"Impressum - Hubert Weber GmbH\" \/>\n<meta property=\"og:description\" content=\"[vc_row][vc_column][vc_column_text] Postanschrift: &nbsp; Hubert Weber GmbH S\u00fcdring 23 54634 Bitburg . Telefon: +49 (0)6561-7036 Fax: +49 (0)6561-2028 mail@weber-bitburg.de &nbsp; Gesch\u00e4ftsf\u00fchrung:\u00a0 Gertrud Endres-Weber; Thorsten Weber Registergericht:\u00a0 Amtsgericht Wittlich, HRB31332 USt-ID-Nr.\u00a0 DE149936829 \/ LU29139307 Inhaltlich Verantwortlicher gem. TMG: Thorsten Weber\u00a0 thorsten.weber@weber-bitburg.de &nbsp; &nbsp; Alle verwendeten Namen, Begriffe, Zeichen und Grafiken k\u00f6nnen Marken- oder Warenzeichen im Besitze ihrer [&hellip;]\" \/>\n<meta property=\"og:url\" content=\"https:\/\/www.weber-bitburg.de\/wp\/impressum\/\" \/>\n<meta property=\"og:site_name\" content=\"Hubert Weber GmbH\" \/>\n<meta property=\"article:modified_time\" content=\"2025-11-18T17:01:01+00:00\" \/>\n<meta name=\"twitter:card\" content=\"summary_large_image\" \/>\n<script type=\"application\/ld+json\" class=\"yoast-schema-graph\">{\"@context\":\"https:\\\/\\\/schema.org\",\"@graph\":[{\"@type\":\"WebPage\",\"@id\":\"https:\\\/\\\/www.weber-bitburg.de\\\/wp\\\/impressum\\\/\",\"url\":\"https:\\\/\\\/www.weber-bitburg.de\\\/wp\\\/impressum\\\/\",\"name\":\"Impressum - Hubert Weber GmbH\",\"isPartOf\":{\"@id\":\"http:\\\/\\\/www.weber-bitburg.de\\\/wp\\\/#website\"},\"datePublished\":\"2018-12-15T20:55:13+00:00\",\"dateModified\":\"2025-11-18T17:01:01+00:00\",\"breadcrumb\":{\"@id\":\"https:\\\/\\\/www.weber-bitburg.de\\\/wp\\\/impressum\\\/#breadcrumb\"},\"inLanguage\":\"de\",\"potentialAction\":[{\"@type\":\"ReadAction\",\"target\":[\"https:\\\/\\\/www.weber-bitburg.de\\\/wp\\\/impressum\\\/\"]}]},{\"@type\":\"BreadcrumbList\",\"@id\":\"https:\\\/\\\/www.weber-bitburg.de\\\/wp\\\/impressum\\\/#breadcrumb\",\"itemListElement\":[{\"@type\":\"ListItem\",\"position\":1,\"name\":\"Startseite\",\"item\":\"http:\\\/\\\/www.weber-bitburg.de\\\/wp\\\/\"},{\"@type\":\"ListItem\",\"position\":2,\"name\":\"Impressum\"}]},{\"@type\":\"WebSite\",\"@id\":\"http:\\\/\\\/www.weber-bitburg.de\\\/wp\\\/#website\",\"url\":\"http:\\\/\\\/www.weber-bitburg.de\\\/wp\\\/\",\"name\":\"Hubert Weber GmbH\",\"description\":\"Ihr Fachgesch\u00e4ft f\u00fcr Tierhaltung + Reitsport + Stallbau\",\"potentialAction\":[{\"@type\":\"SearchAction\",\"target\":{\"@type\":\"EntryPoint\",\"urlTemplate\":\"http:\\\/\\\/www.weber-bitburg.de\\\/wp\\\/?s={search_term_string}\"},\"query-input\":{\"@type\":\"PropertyValueSpecification\",\"valueRequired\":true,\"valueName\":\"search_term_string\"}}],\"inLanguage\":\"de\"}]}<\/script>\n<!-- \/ Yoast SEO plugin. -->","yoast_head_json":{"title":"Impressum - Hubert Weber GmbH","robots":{"index":"index","follow":"follow","max-snippet":"max-snippet:-1","max-image-preview":"max-image-preview:large","max-video-preview":"max-video-preview:-1"},"canonical":"https:\/\/www.weber-bitburg.de\/wp\/impressum\/","og_locale":"de_DE","og_type":"article","og_title":"Impressum - Hubert Weber GmbH","og_description":"[vc_row][vc_column][vc_column_text] Postanschrift: &nbsp; Hubert Weber GmbH S\u00fcdring 23 54634 Bitburg . Telefon: +49 (0)6561-7036 Fax: +49 (0)6561-2028 mail@weber-bitburg.de &nbsp; Gesch\u00e4ftsf\u00fchrung:\u00a0 Gertrud Endres-Weber; Thorsten Weber Registergericht:\u00a0 Amtsgericht Wittlich, HRB31332 USt-ID-Nr.\u00a0 DE149936829 \/ LU29139307 Inhaltlich Verantwortlicher gem. TMG: Thorsten Weber\u00a0 thorsten.weber@weber-bitburg.de &nbsp; &nbsp; Alle verwendeten Namen, Begriffe, Zeichen und Grafiken k\u00f6nnen Marken- oder Warenzeichen im Besitze ihrer [&hellip;]","og_url":"https:\/\/www.weber-bitburg.de\/wp\/impressum\/","og_site_name":"Hubert Weber GmbH","article_modified_time":"2025-11-18T17:01:01+00:00","twitter_card":"summary_large_image","schema":{"@context":"https:\/\/schema.org","@graph":[{"@type":"WebPage","@id":"https:\/\/www.weber-bitburg.de\/wp\/impressum\/","url":"https:\/\/www.weber-bitburg.de\/wp\/impressum\/","name":"Impressum - Hubert Weber GmbH","isPartOf":{"@id":"http:\/\/www.weber-bitburg.de\/wp\/#website"},"datePublished":"2018-12-15T20:55:13+00:00","dateModified":"2025-11-18T17:01:01+00:00","breadcrumb":{"@id":"https:\/\/www.weber-bitburg.de\/wp\/impressum\/#breadcrumb"},"inLanguage":"de","potentialAction":[{"@type":"ReadAction","target":["https:\/\/www.weber-bitburg.de\/wp\/impressum\/"]}]},{"@type":"BreadcrumbList","@id":"https:\/\/www.weber-bitburg.de\/wp\/impressum\/#breadcrumb","itemListElement":[{"@type":"ListItem","position":1,"name":"Startseite","item":"http:\/\/www.weber-bitburg.de\/wp\/"},{"@type":"ListItem","position":2,"name":"Impressum"}]},{"@type":"WebSite","@id":"http:\/\/www.weber-bitburg.de\/wp\/#website","url":"http:\/\/www.weber-bitburg.de\/wp\/","name":"Hubert Weber GmbH","description":"Ihr Fachgesch\u00e4ft f\u00fcr Tierhaltung + Reitsport + Stallbau","potentialAction":[{"@type":"SearchAction","target":{"@type":"EntryPoint","urlTemplate":"http:\/\/www.weber-bitburg.de\/wp\/?s={search_term_string}"},"query-input":{"@type":"PropertyValueSpecification","valueRequired":true,"valueName":"search_term_string"}}],"inLanguage":"de"}]}},"_links":{"self":[{"href":"https:\/\/www.weber-bitburg.de\/wp\/wp-json\/wp\/v2\/pages\/139","targetHints":{"allow":["GET"]}}],"collection":[{"href":"https:\/\/www.weber-bitburg.de\/wp\/wp-json\/wp\/v2\/pages"}],"about":[{"href":"https:\/\/www.weber-bitburg.de\/wp\/wp-json\/wp\/v2\/types\/page"}],"author":[{"embeddable":true,"href":"https:\/\/www.weber-bitburg.de\/wp\/wp-json\/wp\/v2\/users\/1"}],"replies":[{"embeddable":true,"href":"https:\/\/www.weber-bitburg.de\/wp\/wp-json\/wp\/v2\/comments?post=139"}],"version-history":[{"count":23,"href":"https:\/\/www.weber-bitburg.de\/wp\/wp-json\/wp\/v2\/pages\/139\/revisions"}],"predecessor-version":[{"id":2432,"href":"https:\/\/www.weber-bitburg.de\/wp\/wp-json\/wp\/v2\/pages\/139\/revisions\/2432"}],"wp:attachment":[{"href":"https:\/\/www.weber-bitburg.de\/wp\/wp-json\/wp\/v2\/media?parent=139"}],"curies":[{"name":"wp","href":"https:\/\/api.w.org\/{rel}","templated":true}]}}