{"id":39,"date":"2018-12-15T20:35:22","date_gmt":"2018-12-15T19:35:22","guid":{"rendered":"https:\/\/www.weber-bitburg.de\/wp\/?page_id=39"},"modified":"2023-04-11T18:30:49","modified_gmt":"2023-04-11T16:30:49","slug":"landwirtschaft","status":"publish","type":"page","link":"https:\/\/www.weber-bitburg.de\/wp\/landwirtschaft\/","title":{"rendered":"Stalleinrichtungen"},"content":{"rendered":"<section class=\"wpb-content-wrapper\"><p>[vc_row][vc_column][vc_column_text]<\/p>\n<h1><\/h1>\n<h2>Planung &#8211; Verkauf &#8211; Montage &#8211; Service<\/h2>\n<h2>Alles aus einer Hand!<\/h2>\n<div class=\"textItem\">\n<table border=\"0\" width=\"688\">\n<tbody>\n<tr>\n<td>\n<p>Unser Planungs- und Verkaufsb\u00fcro ber\u00e4t Sie gerne in Sachen Stallbau. Unsere jahrelange Erfahrung und unser fundiertes Wissen in den Bereichen der Tierhaltung und -produktion sind unser und Ihr Vorteil. Wir reden die gleiche Sprache wie unsere Kunden. Wir verstehen Ihre W\u00fcnsche und verf\u00fcgen \u00fcber die n\u00f6tige Erfahrung und das umfassende Fachwissen um diese Anforderungen in praxisorientierte Stallungen umzusetzen.<\/p>\n<p><strong>Am Anfang steht unsere Planung &#8211; am Ende Ihr fertiger Stall!<\/strong><\/p>\n<p>Nicht nur an heute denken, sondern f\u00fcr morgen vorausschauen &#8211; Optionen f\u00fcr Erweiterungen und technische Neuerungen sind genau so wichtig wie der Ist-Stand des Bauvorhabens. Ihre individuellen Kundenw\u00fcnsche und spezifischen Anforderungen werden dank unserem Know-how optimal realisiert. Ein Beweis daf\u00fcr sind die von uns errichteten Stallungen und Stalleinrichtungen, die sich durch eine wirtschaftliche Tierhaltung auszeichnen.<\/p>\n<p><strong>Wir sind zertifizierter Fachbetrieb nach \u00a762 WHG sowie \u00a762AwSV im Bereich JGS- und Biogasanlagen!<\/strong><\/p>\n<p>&nbsp;<\/p>\n<p>&nbsp;<\/p>\n<p><a href=\"http:\/\/www.weber-bitburg.de\/wp\/downloads\/#1546505055552-847de7d7-b4a0\">Downloads<\/a><\/td>\n<\/tr>\n<\/tbody>\n<\/table>\n<\/div>\n<p>[\/vc_column_text][\/vc_column][\/vc_row][vc_row][vc_column][\/vc_column][\/vc_row]<\/p>\n<\/section>","protected":false},"excerpt":{"rendered":"<p>[vc_row][vc_column][vc_column_text] Planung &#8211; Verkauf &#8211; Montage &#8211; Service Alles aus einer Hand! Unser Planungs- und Verkaufsb\u00fcro ber\u00e4t Sie gerne in Sachen Stallbau. Unsere jahrelange Erfahrung und unser fundiertes Wissen in den Bereichen der Tierhaltung und -produktion sind unser und Ihr Vorteil. Wir reden die gleiche Sprache wie unsere Kunden. Wir verstehen Ihre W\u00fcnsche und verf\u00fcgen [&hellip;]<\/p>\n","protected":false},"author":1,"featured_media":1941,"parent":0,"menu_order":0,"comment_status":"closed","ping_status":"closed","template":"","meta":{"footnotes":""},"class_list":["post-39","page","type-page","status-publish","has-post-thumbnail","hentry"],"yoast_head":"<!-- This site is optimized with the Yoast SEO plugin v27.3 - https:\/\/yoast.com\/product\/yoast-seo-wordpress\/ -->\n<title>Stalleinrichtungen - Hubert Weber GmbH<\/title>\n<meta name=\"robots\" content=\"index, follow, max-snippet:-1, max-image-preview:large, max-video-preview:-1\" \/>\n<link rel=\"canonical\" href=\"https:\/\/www.weber-bitburg.de\/wp\/landwirtschaft\/\" \/>\n<meta property=\"og:locale\" content=\"de_DE\" \/>\n<meta property=\"og:type\" content=\"article\" \/>\n<meta property=\"og:title\" content=\"Stalleinrichtungen - Hubert Weber GmbH\" \/>\n<meta property=\"og:description\" content=\"[vc_row][vc_column][vc_column_text] Planung &#8211; Verkauf &#8211; Montage &#8211; Service Alles aus einer Hand! Unser Planungs- und Verkaufsb\u00fcro ber\u00e4t Sie gerne in Sachen Stallbau. Unsere jahrelange Erfahrung und unser fundiertes Wissen in den Bereichen der Tierhaltung und -produktion sind unser und Ihr Vorteil. Wir reden die gleiche Sprache wie unsere Kunden. Wir verstehen Ihre W\u00fcnsche und verf\u00fcgen [&hellip;]\" \/>\n<meta property=\"og:url\" content=\"https:\/\/www.weber-bitburg.de\/wp\/landwirtschaft\/\" \/>\n<meta property=\"og:site_name\" content=\"Hubert Weber GmbH\" \/>\n<meta property=\"article:modified_time\" content=\"2023-04-11T16:30:49+00:00\" \/>\n<meta property=\"og:image\" content=\"https:\/\/www.weber-bitburg.de\/wp\/wp-content\/uploads\/2018\/12\/IMG_20220208_131052_6-e1681225333483.jpg\" \/>\n\t<meta property=\"og:image:width\" content=\"400\" \/>\n\t<meta property=\"og:image:height\" content=\"300\" \/>\n\t<meta property=\"og:image:type\" content=\"image\/jpeg\" \/>\n<meta name=\"twitter:card\" content=\"summary_large_image\" \/>\n<meta name=\"twitter:label1\" content=\"Gesch\u00e4tzte Lesezeit\" \/>\n\t<meta name=\"twitter:data1\" content=\"1\u00a0Minute\" \/>\n<script type=\"application\/ld+json\" class=\"yoast-schema-graph\">{\"@context\":\"https:\\\/\\\/schema.org\",\"@graph\":[{\"@type\":\"WebPage\",\"@id\":\"https:\\\/\\\/www.weber-bitburg.de\\\/wp\\\/landwirtschaft\\\/\",\"url\":\"https:\\\/\\\/www.weber-bitburg.de\\\/wp\\\/landwirtschaft\\\/\",\"name\":\"Stalleinrichtungen - Hubert Weber GmbH\",\"isPartOf\":{\"@id\":\"http:\\\/\\\/www.weber-bitburg.de\\\/wp\\\/#website\"},\"primaryImageOfPage\":{\"@id\":\"https:\\\/\\\/www.weber-bitburg.de\\\/wp\\\/landwirtschaft\\\/#primaryimage\"},\"image\":{\"@id\":\"https:\\\/\\\/www.weber-bitburg.de\\\/wp\\\/landwirtschaft\\\/#primaryimage\"},\"thumbnailUrl\":\"https:\\\/\\\/www.weber-bitburg.de\\\/wp\\\/wp-content\\\/uploads\\\/2018\\\/12\\\/IMG_20220208_131052_6-e1681225333483.jpg\",\"datePublished\":\"2018-12-15T19:35:22+00:00\",\"dateModified\":\"2023-04-11T16:30:49+00:00\",\"breadcrumb\":{\"@id\":\"https:\\\/\\\/www.weber-bitburg.de\\\/wp\\\/landwirtschaft\\\/#breadcrumb\"},\"inLanguage\":\"de\",\"potentialAction\":[{\"@type\":\"ReadAction\",\"target\":[\"https:\\\/\\\/www.weber-bitburg.de\\\/wp\\\/landwirtschaft\\\/\"]}]},{\"@type\":\"ImageObject\",\"inLanguage\":\"de\",\"@id\":\"https:\\\/\\\/www.weber-bitburg.de\\\/wp\\\/landwirtschaft\\\/#primaryimage\",\"url\":\"https:\\\/\\\/www.weber-bitburg.de\\\/wp\\\/wp-content\\\/uploads\\\/2018\\\/12\\\/IMG_20220208_131052_6-e1681225333483.jpg\",\"contentUrl\":\"https:\\\/\\\/www.weber-bitburg.de\\\/wp\\\/wp-content\\\/uploads\\\/2018\\\/12\\\/IMG_20220208_131052_6-e1681225333483.jpg\",\"width\":400,\"height\":300},{\"@type\":\"BreadcrumbList\",\"@id\":\"https:\\\/\\\/www.weber-bitburg.de\\\/wp\\\/landwirtschaft\\\/#breadcrumb\",\"itemListElement\":[{\"@type\":\"ListItem\",\"position\":1,\"name\":\"Startseite\",\"item\":\"http:\\\/\\\/www.weber-bitburg.de\\\/wp\\\/\"},{\"@type\":\"ListItem\",\"position\":2,\"name\":\"Stalleinrichtungen\"}]},{\"@type\":\"WebSite\",\"@id\":\"http:\\\/\\\/www.weber-bitburg.de\\\/wp\\\/#website\",\"url\":\"http:\\\/\\\/www.weber-bitburg.de\\\/wp\\\/\",\"name\":\"Hubert Weber GmbH\",\"description\":\"Ihr Fachgesch\u00e4ft f\u00fcr Tierhaltung + Reitsport + Stallbau\",\"potentialAction\":[{\"@type\":\"SearchAction\",\"target\":{\"@type\":\"EntryPoint\",\"urlTemplate\":\"http:\\\/\\\/www.weber-bitburg.de\\\/wp\\\/?s={search_term_string}\"},\"query-input\":{\"@type\":\"PropertyValueSpecification\",\"valueRequired\":true,\"valueName\":\"search_term_string\"}}],\"inLanguage\":\"de\"}]}<\/script>\n<!-- \/ Yoast SEO plugin. -->","yoast_head_json":{"title":"Stalleinrichtungen - Hubert Weber GmbH","robots":{"index":"index","follow":"follow","max-snippet":"max-snippet:-1","max-image-preview":"max-image-preview:large","max-video-preview":"max-video-preview:-1"},"canonical":"https:\/\/www.weber-bitburg.de\/wp\/landwirtschaft\/","og_locale":"de_DE","og_type":"article","og_title":"Stalleinrichtungen - Hubert Weber GmbH","og_description":"[vc_row][vc_column][vc_column_text] Planung &#8211; Verkauf &#8211; Montage &#8211; Service Alles aus einer Hand! Unser Planungs- und Verkaufsb\u00fcro ber\u00e4t Sie gerne in Sachen Stallbau. Unsere jahrelange Erfahrung und unser fundiertes Wissen in den Bereichen der Tierhaltung und -produktion sind unser und Ihr Vorteil. Wir reden die gleiche Sprache wie unsere Kunden. Wir verstehen Ihre W\u00fcnsche und verf\u00fcgen [&hellip;]","og_url":"https:\/\/www.weber-bitburg.de\/wp\/landwirtschaft\/","og_site_name":"Hubert Weber GmbH","article_modified_time":"2023-04-11T16:30:49+00:00","og_image":[{"width":400,"height":300,"url":"https:\/\/www.weber-bitburg.de\/wp\/wp-content\/uploads\/2018\/12\/IMG_20220208_131052_6-e1681225333483.jpg","type":"image\/jpeg"}],"twitter_card":"summary_large_image","twitter_misc":{"Gesch\u00e4tzte Lesezeit":"1\u00a0Minute"},"schema":{"@context":"https:\/\/schema.org","@graph":[{"@type":"WebPage","@id":"https:\/\/www.weber-bitburg.de\/wp\/landwirtschaft\/","url":"https:\/\/www.weber-bitburg.de\/wp\/landwirtschaft\/","name":"Stalleinrichtungen - Hubert Weber GmbH","isPartOf":{"@id":"http:\/\/www.weber-bitburg.de\/wp\/#website"},"primaryImageOfPage":{"@id":"https:\/\/www.weber-bitburg.de\/wp\/landwirtschaft\/#primaryimage"},"image":{"@id":"https:\/\/www.weber-bitburg.de\/wp\/landwirtschaft\/#primaryimage"},"thumbnailUrl":"https:\/\/www.weber-bitburg.de\/wp\/wp-content\/uploads\/2018\/12\/IMG_20220208_131052_6-e1681225333483.jpg","datePublished":"2018-12-15T19:35:22+00:00","dateModified":"2023-04-11T16:30:49+00:00","breadcrumb":{"@id":"https:\/\/www.weber-bitburg.de\/wp\/landwirtschaft\/#breadcrumb"},"inLanguage":"de","potentialAction":[{"@type":"ReadAction","target":["https:\/\/www.weber-bitburg.de\/wp\/landwirtschaft\/"]}]},{"@type":"ImageObject","inLanguage":"de","@id":"https:\/\/www.weber-bitburg.de\/wp\/landwirtschaft\/#primaryimage","url":"https:\/\/www.weber-bitburg.de\/wp\/wp-content\/uploads\/2018\/12\/IMG_20220208_131052_6-e1681225333483.jpg","contentUrl":"https:\/\/www.weber-bitburg.de\/wp\/wp-content\/uploads\/2018\/12\/IMG_20220208_131052_6-e1681225333483.jpg","width":400,"height":300},{"@type":"BreadcrumbList","@id":"https:\/\/www.weber-bitburg.de\/wp\/landwirtschaft\/#breadcrumb","itemListElement":[{"@type":"ListItem","position":1,"name":"Startseite","item":"http:\/\/www.weber-bitburg.de\/wp\/"},{"@type":"ListItem","position":2,"name":"Stalleinrichtungen"}]},{"@type":"WebSite","@id":"http:\/\/www.weber-bitburg.de\/wp\/#website","url":"http:\/\/www.weber-bitburg.de\/wp\/","name":"Hubert Weber GmbH","description":"Ihr Fachgesch\u00e4ft f\u00fcr Tierhaltung + Reitsport + Stallbau","potentialAction":[{"@type":"SearchAction","target":{"@type":"EntryPoint","urlTemplate":"http:\/\/www.weber-bitburg.de\/wp\/?s={search_term_string}"},"query-input":{"@type":"PropertyValueSpecification","valueRequired":true,"valueName":"search_term_string"}}],"inLanguage":"de"}]}},"_links":{"self":[{"href":"https:\/\/www.weber-bitburg.de\/wp\/wp-json\/wp\/v2\/pages\/39","targetHints":{"allow":["GET"]}}],"collection":[{"href":"https:\/\/www.weber-bitburg.de\/wp\/wp-json\/wp\/v2\/pages"}],"about":[{"href":"https:\/\/www.weber-bitburg.de\/wp\/wp-json\/wp\/v2\/types\/page"}],"author":[{"embeddable":true,"href":"https:\/\/www.weber-bitburg.de\/wp\/wp-json\/wp\/v2\/users\/1"}],"replies":[{"embeddable":true,"href":"https:\/\/www.weber-bitburg.de\/wp\/wp-json\/wp\/v2\/comments?post=39"}],"version-history":[{"count":26,"href":"https:\/\/www.weber-bitburg.de\/wp\/wp-json\/wp\/v2\/pages\/39\/revisions"}],"predecessor-version":[{"id":2308,"href":"https:\/\/www.weber-bitburg.de\/wp\/wp-json\/wp\/v2\/pages\/39\/revisions\/2308"}],"wp:featuredmedia":[{"embeddable":true,"href":"https:\/\/www.weber-bitburg.de\/wp\/wp-json\/wp\/v2\/media\/1941"}],"wp:attachment":[{"href":"https:\/\/www.weber-bitburg.de\/wp\/wp-json\/wp\/v2\/media?parent=39"}],"curies":[{"name":"wp","href":"https:\/\/api.w.org\/{rel}","templated":true}]}}