{"id":46,"date":"2018-12-15T20:35:22","date_gmt":"2018-12-15T19:35:22","guid":{"rendered":"https:\/\/www.weber-bitburg.de\/wp\/?page_id=46"},"modified":"2023-04-11T16:41:01","modified_gmt":"2023-04-11T14:41:01","slug":"weidezaun","status":"publish","type":"page","link":"https:\/\/www.weber-bitburg.de\/wp\/weidezaun\/","title":{"rendered":"Weidezaun"},"content":{"rendered":"<section class=\"wpb-content-wrapper\"><p>[vc_row][vc_column][vc_column_text]<\/p>\n<h4>Egal ob auf der Weide oder Ihrem Grundst\u00fcck!<\/h4>\n<p>Wir bieten qualitativ hochwertigen Weidezaun-Bedarf:<\/p>\n<ul>\n<li>Weidezaunger\u00e4te<\/li>\n<li>Weidezaunpf\u00e4hle<\/li>\n<li>Weidezaun-Isolatoren<\/li>\n<li>Weidezaun-Band<\/li>\n<li>Weidezaun-Batterien<\/li>\n<li>Weidezaun-Netze<\/li>\n<li>Verbinder &amp; Spanner<\/li>\n<\/ul>\n<p>Sichern Sie Ihre Tiere ab oder sch\u00fctzen Sie Ihr Grundst\u00fcck&#8230;<\/p>\n<p>Gerne beraten wir Sie ausf\u00fchrlich individuell zu Ihrem Anwendungszweck![\/vc_column_text][\/vc_column][\/vc_row][vc_row][vc_column][vc_images_carousel images=&#8220;2114,2010,2011,2008,2113,1886&#8243; img_size=&#8220;300&#215;225&#8243; speed=&#8220;3000&#8243; autoplay=&#8220;yes&#8220; hide_pagination_control=&#8220;yes&#8220; wrap=&#8220;yes&#8220;][\/vc_column][\/vc_row]<\/p>\n<\/section>","protected":false},"excerpt":{"rendered":"<p>[vc_row][vc_column][vc_column_text] Egal ob auf der Weide oder Ihrem Grundst\u00fcck! Wir bieten qualitativ hochwertigen Weidezaun-Bedarf: Weidezaunger\u00e4te Weidezaunpf\u00e4hle Weidezaun-Isolatoren Weidezaun-Band Weidezaun-Batterien Weidezaun-Netze Verbinder &amp; Spanner Sichern Sie Ihre Tiere ab oder sch\u00fctzen Sie Ihr Grundst\u00fcck&#8230; Gerne beraten wir Sie ausf\u00fchrlich individuell zu Ihrem Anwendungszweck![\/vc_column_text][\/vc_column][\/vc_row][vc_row][vc_column][vc_images_carousel images=&#8220;2114,2010,2011,2008,2113,1886&#8243; img_size=&#8220;300&#215;225&#8243; speed=&#8220;3000&#8243; autoplay=&#8220;yes&#8220; hide_pagination_control=&#8220;yes&#8220; wrap=&#8220;yes&#8220;][\/vc_column][\/vc_row]<\/p>\n","protected":false},"author":1,"featured_media":2008,"parent":0,"menu_order":0,"comment_status":"closed","ping_status":"closed","template":"","meta":{"footnotes":""},"class_list":["post-46","page","type-page","status-publish","has-post-thumbnail","hentry"],"yoast_head":"<!-- This site is optimized with the Yoast SEO plugin v27.3 - https:\/\/yoast.com\/product\/yoast-seo-wordpress\/ -->\n<title>Weidezaun - Hubert Weber GmbH<\/title>\n<meta name=\"robots\" content=\"index, follow, max-snippet:-1, max-image-preview:large, max-video-preview:-1\" \/>\n<link rel=\"canonical\" href=\"http:\/\/www.weber-bitburg.de\/wp\/weidezaun\/\" \/>\n<meta property=\"og:locale\" content=\"de_DE\" \/>\n<meta property=\"og:type\" content=\"article\" \/>\n<meta property=\"og:title\" content=\"Weidezaun - Hubert Weber GmbH\" \/>\n<meta property=\"og:description\" content=\"[vc_row][vc_column][vc_column_text] Egal ob auf der Weide oder Ihrem Grundst\u00fcck! Wir bieten qualitativ hochwertigen Weidezaun-Bedarf: Weidezaunger\u00e4te Weidezaunpf\u00e4hle Weidezaun-Isolatoren Weidezaun-Band Weidezaun-Batterien Weidezaun-Netze Verbinder &amp; Spanner Sichern Sie Ihre Tiere ab oder sch\u00fctzen Sie Ihr Grundst\u00fcck&#8230; Gerne beraten wir Sie ausf\u00fchrlich individuell zu Ihrem Anwendungszweck![\/vc_column_text][\/vc_column][\/vc_row][vc_row][vc_column][vc_images_carousel images=&#8220;2114,2010,2011,2008,2113,1886&#8243; img_size=&#8220;300&#215;225&#8243; speed=&#8220;3000&#8243; autoplay=&#8220;yes&#8220; hide_pagination_control=&#8220;yes&#8220; wrap=&#8220;yes&#8220;][\/vc_column][\/vc_row]\" \/>\n<meta property=\"og:url\" content=\"http:\/\/www.weber-bitburg.de\/wp\/weidezaun\/\" \/>\n<meta property=\"og:site_name\" content=\"Hubert Weber GmbH\" \/>\n<meta property=\"article:modified_time\" content=\"2023-04-11T14:41:01+00:00\" \/>\n<meta property=\"og:image\" content=\"http:\/\/www.weber-bitburg.de\/wp\/wp-content\/uploads\/2023\/02\/2922044.j-e1676646946716.jpg\" \/>\n\t<meta property=\"og:image:width\" content=\"700\" \/>\n\t<meta property=\"og:image:height\" content=\"296\" \/>\n\t<meta property=\"og:image:type\" content=\"image\/jpeg\" \/>\n<meta name=\"twitter:card\" content=\"summary_large_image\" \/>\n<meta name=\"twitter:label1\" content=\"Gesch\u00e4tzte Lesezeit\" \/>\n\t<meta name=\"twitter:data1\" content=\"1\u00a0Minute\" \/>\n<script type=\"application\/ld+json\" class=\"yoast-schema-graph\">{\"@context\":\"https:\\\/\\\/schema.org\",\"@graph\":[{\"@type\":\"WebPage\",\"@id\":\"http:\\\/\\\/www.weber-bitburg.de\\\/wp\\\/weidezaun\\\/\",\"url\":\"http:\\\/\\\/www.weber-bitburg.de\\\/wp\\\/weidezaun\\\/\",\"name\":\"Weidezaun - Hubert Weber GmbH\",\"isPartOf\":{\"@id\":\"http:\\\/\\\/www.weber-bitburg.de\\\/wp\\\/#website\"},\"primaryImageOfPage\":{\"@id\":\"http:\\\/\\\/www.weber-bitburg.de\\\/wp\\\/weidezaun\\\/#primaryimage\"},\"image\":{\"@id\":\"http:\\\/\\\/www.weber-bitburg.de\\\/wp\\\/weidezaun\\\/#primaryimage\"},\"thumbnailUrl\":\"https:\\\/\\\/www.weber-bitburg.de\\\/wp\\\/wp-content\\\/uploads\\\/2023\\\/02\\\/2922044.j-e1676646946716.jpg\",\"datePublished\":\"2018-12-15T19:35:22+00:00\",\"dateModified\":\"2023-04-11T14:41:01+00:00\",\"breadcrumb\":{\"@id\":\"http:\\\/\\\/www.weber-bitburg.de\\\/wp\\\/weidezaun\\\/#breadcrumb\"},\"inLanguage\":\"de\",\"potentialAction\":[{\"@type\":\"ReadAction\",\"target\":[\"http:\\\/\\\/www.weber-bitburg.de\\\/wp\\\/weidezaun\\\/\"]}]},{\"@type\":\"ImageObject\",\"inLanguage\":\"de\",\"@id\":\"http:\\\/\\\/www.weber-bitburg.de\\\/wp\\\/weidezaun\\\/#primaryimage\",\"url\":\"https:\\\/\\\/www.weber-bitburg.de\\\/wp\\\/wp-content\\\/uploads\\\/2023\\\/02\\\/2922044.j-e1676646946716.jpg\",\"contentUrl\":\"https:\\\/\\\/www.weber-bitburg.de\\\/wp\\\/wp-content\\\/uploads\\\/2023\\\/02\\\/2922044.j-e1676646946716.jpg\",\"width\":700,\"height\":296},{\"@type\":\"BreadcrumbList\",\"@id\":\"http:\\\/\\\/www.weber-bitburg.de\\\/wp\\\/weidezaun\\\/#breadcrumb\",\"itemListElement\":[{\"@type\":\"ListItem\",\"position\":1,\"name\":\"Startseite\",\"item\":\"http:\\\/\\\/www.weber-bitburg.de\\\/wp\\\/\"},{\"@type\":\"ListItem\",\"position\":2,\"name\":\"Weidezaun\"}]},{\"@type\":\"WebSite\",\"@id\":\"http:\\\/\\\/www.weber-bitburg.de\\\/wp\\\/#website\",\"url\":\"http:\\\/\\\/www.weber-bitburg.de\\\/wp\\\/\",\"name\":\"Hubert Weber GmbH\",\"description\":\"Ihr Fachgesch\u00e4ft f\u00fcr Tierhaltung + Reitsport + Stallbau\",\"potentialAction\":[{\"@type\":\"SearchAction\",\"target\":{\"@type\":\"EntryPoint\",\"urlTemplate\":\"http:\\\/\\\/www.weber-bitburg.de\\\/wp\\\/?s={search_term_string}\"},\"query-input\":{\"@type\":\"PropertyValueSpecification\",\"valueRequired\":true,\"valueName\":\"search_term_string\"}}],\"inLanguage\":\"de\"}]}<\/script>\n<!-- \/ Yoast SEO plugin. -->","yoast_head_json":{"title":"Weidezaun - Hubert Weber GmbH","robots":{"index":"index","follow":"follow","max-snippet":"max-snippet:-1","max-image-preview":"max-image-preview:large","max-video-preview":"max-video-preview:-1"},"canonical":"http:\/\/www.weber-bitburg.de\/wp\/weidezaun\/","og_locale":"de_DE","og_type":"article","og_title":"Weidezaun - Hubert Weber GmbH","og_description":"[vc_row][vc_column][vc_column_text] Egal ob auf der Weide oder Ihrem Grundst\u00fcck! Wir bieten qualitativ hochwertigen Weidezaun-Bedarf: Weidezaunger\u00e4te Weidezaunpf\u00e4hle Weidezaun-Isolatoren Weidezaun-Band Weidezaun-Batterien Weidezaun-Netze Verbinder &amp; Spanner Sichern Sie Ihre Tiere ab oder sch\u00fctzen Sie Ihr Grundst\u00fcck&#8230; Gerne beraten wir Sie ausf\u00fchrlich individuell zu Ihrem Anwendungszweck![\/vc_column_text][\/vc_column][\/vc_row][vc_row][vc_column][vc_images_carousel images=&#8220;2114,2010,2011,2008,2113,1886&#8243; img_size=&#8220;300&#215;225&#8243; speed=&#8220;3000&#8243; autoplay=&#8220;yes&#8220; hide_pagination_control=&#8220;yes&#8220; wrap=&#8220;yes&#8220;][\/vc_column][\/vc_row]","og_url":"http:\/\/www.weber-bitburg.de\/wp\/weidezaun\/","og_site_name":"Hubert Weber GmbH","article_modified_time":"2023-04-11T14:41:01+00:00","og_image":[{"width":700,"height":296,"url":"http:\/\/www.weber-bitburg.de\/wp\/wp-content\/uploads\/2023\/02\/2922044.j-e1676646946716.jpg","type":"image\/jpeg"}],"twitter_card":"summary_large_image","twitter_misc":{"Gesch\u00e4tzte Lesezeit":"1\u00a0Minute"},"schema":{"@context":"https:\/\/schema.org","@graph":[{"@type":"WebPage","@id":"http:\/\/www.weber-bitburg.de\/wp\/weidezaun\/","url":"http:\/\/www.weber-bitburg.de\/wp\/weidezaun\/","name":"Weidezaun - Hubert Weber GmbH","isPartOf":{"@id":"http:\/\/www.weber-bitburg.de\/wp\/#website"},"primaryImageOfPage":{"@id":"http:\/\/www.weber-bitburg.de\/wp\/weidezaun\/#primaryimage"},"image":{"@id":"http:\/\/www.weber-bitburg.de\/wp\/weidezaun\/#primaryimage"},"thumbnailUrl":"https:\/\/www.weber-bitburg.de\/wp\/wp-content\/uploads\/2023\/02\/2922044.j-e1676646946716.jpg","datePublished":"2018-12-15T19:35:22+00:00","dateModified":"2023-04-11T14:41:01+00:00","breadcrumb":{"@id":"http:\/\/www.weber-bitburg.de\/wp\/weidezaun\/#breadcrumb"},"inLanguage":"de","potentialAction":[{"@type":"ReadAction","target":["http:\/\/www.weber-bitburg.de\/wp\/weidezaun\/"]}]},{"@type":"ImageObject","inLanguage":"de","@id":"http:\/\/www.weber-bitburg.de\/wp\/weidezaun\/#primaryimage","url":"https:\/\/www.weber-bitburg.de\/wp\/wp-content\/uploads\/2023\/02\/2922044.j-e1676646946716.jpg","contentUrl":"https:\/\/www.weber-bitburg.de\/wp\/wp-content\/uploads\/2023\/02\/2922044.j-e1676646946716.jpg","width":700,"height":296},{"@type":"BreadcrumbList","@id":"http:\/\/www.weber-bitburg.de\/wp\/weidezaun\/#breadcrumb","itemListElement":[{"@type":"ListItem","position":1,"name":"Startseite","item":"http:\/\/www.weber-bitburg.de\/wp\/"},{"@type":"ListItem","position":2,"name":"Weidezaun"}]},{"@type":"WebSite","@id":"http:\/\/www.weber-bitburg.de\/wp\/#website","url":"http:\/\/www.weber-bitburg.de\/wp\/","name":"Hubert Weber GmbH","description":"Ihr Fachgesch\u00e4ft f\u00fcr Tierhaltung + Reitsport + Stallbau","potentialAction":[{"@type":"SearchAction","target":{"@type":"EntryPoint","urlTemplate":"http:\/\/www.weber-bitburg.de\/wp\/?s={search_term_string}"},"query-input":{"@type":"PropertyValueSpecification","valueRequired":true,"valueName":"search_term_string"}}],"inLanguage":"de"}]}},"_links":{"self":[{"href":"https:\/\/www.weber-bitburg.de\/wp\/wp-json\/wp\/v2\/pages\/46","targetHints":{"allow":["GET"]}}],"collection":[{"href":"https:\/\/www.weber-bitburg.de\/wp\/wp-json\/wp\/v2\/pages"}],"about":[{"href":"https:\/\/www.weber-bitburg.de\/wp\/wp-json\/wp\/v2\/types\/page"}],"author":[{"embeddable":true,"href":"https:\/\/www.weber-bitburg.de\/wp\/wp-json\/wp\/v2\/users\/1"}],"replies":[{"embeddable":true,"href":"https:\/\/www.weber-bitburg.de\/wp\/wp-json\/wp\/v2\/comments?post=46"}],"version-history":[{"count":13,"href":"https:\/\/www.weber-bitburg.de\/wp\/wp-json\/wp\/v2\/pages\/46\/revisions"}],"predecessor-version":[{"id":2159,"href":"https:\/\/www.weber-bitburg.de\/wp\/wp-json\/wp\/v2\/pages\/46\/revisions\/2159"}],"wp:featuredmedia":[{"embeddable":true,"href":"https:\/\/www.weber-bitburg.de\/wp\/wp-json\/wp\/v2\/media\/2008"}],"wp:attachment":[{"href":"https:\/\/www.weber-bitburg.de\/wp\/wp-json\/wp\/v2\/media?parent=46"}],"curies":[{"name":"wp","href":"https:\/\/api.w.org\/{rel}","templated":true}]}}