{"id":81,"date":"2018-12-15T20:48:46","date_gmt":"2018-12-15T19:48:46","guid":{"rendered":"https:\/\/www.weber-bitburg.de\/wp\/?page_id=81"},"modified":"2023-04-26T12:54:08","modified_gmt":"2023-04-26T10:54:08","slug":"behaelterbau","status":"publish","type":"page","link":"https:\/\/www.weber-bitburg.de\/wp\/behaelterbau\/","title":{"rendered":"Beh\u00e4lterbau und Abdeckungen"},"content":{"rendered":"<section class=\"wpb-content-wrapper\"><p>[vc_row][vc_column][vc_column_text]<\/p>\n<h3><em><strong>DR\u00d6SSLER Spannbeton<\/strong><\/em><\/h3>\n<p>Wir vermitteln und betreuen Ihr Bauvorhaben mit Dr\u00f6ssler Spannbetonbeh\u00e4ltern. Diese zeichnen sich durch die sehr gute Betonqualit\u00e4t der Fertigelemente aus! Durch das Betonieren in einer Produktionsstra\u00dfe, wo die Elemente liegend betoniert werden, also eine Betonh\u00f6he von nur einigen Zentimetern, sind gro\u00dfe Rissbildungen und Abplatzungen ein Fremdwort!<\/p>\n<p>Die Wandelemente werden mit Spezialfahrzeugen an der Baustelle angeliefert, von Fachpersonal auf einem vorbereiteten Ring-, bzw. Streifenfundament per Mobilkran montiert, die Spannlitzen eingezogen und eine teilweise Vorspannung aufgebracht. Anschlie\u00dfend wird die Bodenplatte vor Ort betoniert, bevor die senkrechten Fugen sowie die horizontalen Spanngliedh\u00fcllrohre mit einem hydraulisch erh\u00e4rteten Injektionsgut nach DIN 1045 von unten nach oben injiziert werden. Eine &#8222;Nesterbildung&#8220; ist damit ausgeschlossen.<\/p>\n<p>Zwischen Wand- und Bodenplatte wird ein wasserdichter Verbund hergestellt. Nach Festigkeitsentwicklung von Bodenplatte und Injektionsm\u00f6rtel wird die &#8222;volle&#8220; Vorspannung aufgebracht. Durch die Vorspannung werden Zugkr\u00e4fte im Beton \u00fcberdr\u00fcckt.<\/p>\n<p>Dadurch wird eine Rissbildung innerhalb der Beh\u00e4lterw\u00e4nde (einschlie\u00dflich der Fugen) verhindert und die Dichtigkeit gew\u00e4hrleistet! Alle Spannkabel sind mehrfach im Beton vor Korrosion gesch\u00fctzt. Das Beh\u00e4ltersystem sowie die Fugenausbildung sind patentiert und bieten Ihnen ein sicheres Bauwerk.<\/p>\n<p><a href=\"http:\/\/www.weber-bitburg.de\/wp\/wp-content\/uploads\/2018\/12\/droessler.pdf\">Prospekt<\/a><\/p>\n<p>&nbsp;<\/p>\n<h3><em><strong>HAMCO Wellstahlbeh\u00e4lter<\/strong><\/em><\/h3>\n<p>Unsere Wellstahl- Beh\u00e4lter zeichnen sich durch hervorragende Konstruktions- und Materialeigentschaften aus. Die Plattenverbindungen sind dauerhaft abgedichtet. Durch die besondere Oberfl\u00e4chenbehandlung sind Rissbildungen ausgeschlossen. Viele HAMCO-G\u00fcllebeh\u00e4lter sind der Beweis f\u00fcr dauerhafte Sicherheit. Sie sind in allen vier Erdlastarten (Bild) einsetzbar. Zukunftsweisend sind die Beh\u00e4lter auch f\u00fcr sp\u00e4tere Aufstockungen lieferbar.<\/p>\n<p>Die Segmentbauweise erm\u00f6glicht eine kosteng\u00fcnstige Montage. Betriebseigene Hilfsleistungen sind m\u00f6glich. Bei Betriebsumstellungen lassen sich die HAMCO Beh\u00e4lter leicht demontieren, und ggf. wieder an einem anderen Ort aufstellen.<\/p>\n<p><a href=\"http:\/\/www.weber-bitburg.de\/wp\/wp-content\/uploads\/2019\/01\/Prospekt-Landwirtschaft.pdf\">Prospekt<\/a><\/p>\n<p>&nbsp;<\/p>\n<h3><em><strong>Silodach<\/strong><\/em><\/h3>\n<p>Das Silodach bietet eine perfekte M\u00f6glichkeit runde Lagerbeh\u00e4lter geruchshemmend abzudecken. Diese D\u00e4cher werden f\u00fcr alle Beh\u00e4lter, egal ob aus Beton, Holz oder Stahl eingesetzt und erf\u00fcllen die gesetzlichen Auflagen.<\/p>\n<p>Ihr Silodach wird auf Ihre Bed\u00fcrfnisse, die \u00f6rtlichen Gegebenheiten, zu erwartende Wind- und Schneelasten und den Beh\u00e4ltertyp angepasst. Es ist ein ma\u00dfgeschneidertes Produkt. Daher k\u00f6nnen individuelle Anpassungen der Positionierung der R\u00fchrwerks\u00f6ffnungen und Rohrdurchf\u00fchrungen ber\u00fccksichtigt werden.<\/p>\n<p>Zur Planung geh\u00f6rt in der Regel ein Vororttermin mit unserem Aussendienstmitarbeiter oder auch mit dem Hersteller.<\/p>\n<h4><em><strong>Schwimmfolie<\/strong><\/em><\/h4>\n<p>Diese kreisrunde, schwimmende Plane ist f\u00fcr Rundsilos geeignet und bewegt sich mit dem F\u00fcllstand des Silos mit. Eine schwimmende Abdeckplane ist in den Niederlanden und auch in vielen anderen L\u00e4ndern als Abdecksystem zur Verringerung der Emission von G\u00fcllegasen zugelassen. Das System eignet sich hervorragend f\u00fcr die Abdeckung von bestehenden Silos, die das Gewicht eines Spanndachs nicht tragen k\u00f6nnen. Das Regenwasser, das sich auf der Abdeckplane sammelt, kann abgepumpt werden, was die Lagerkapazit\u00e4t des Silos erheblich steigert.<\/p>\n<h4><em><strong>Schwimmk\u00f6rper<\/strong><\/em><\/h4>\n<p>Die einzigartige und patentierte Hexa-Cover\u00ae Schwimmende Abdeckung ist eine hervorragende Abdeckung f\u00fcr fast alle Arten von Fl\u00fcssigkeiten. Hergestellt aus recyceltem Polypropylen und ohne Verwendung von sch\u00e4dlichen Materialen. Das Hexa-Cover l\u00e4sst sich flexibel einsetzen: Wo alte Beh\u00e4lter abgedeckt werden m\u00fcssen, die aus statischen Gr\u00fcnden keine Dachkonstruktion zulassen, ist dies eine gute L\u00f6sung. Mit diesem System stellen wir Ihnen eine preisg\u00fcnstige und unkomplizierte Methode der Beh\u00e4lterabdeckung zur Verf\u00fcgung. Die Schwimmk\u00f6rper werden in Big Bags geliefert und einfach in den Beh\u00e4lter oder die Lagune gesch\u00fcttet. Sie verteilen sich selbst\u00e4ndig und decken die Fl\u00fcssigkeit ab.<\/p>\n<p>&nbsp;<\/p>\n<p><a href=\"http:\/\/www.weber-bitburg.de\/wp\/downloads\/#1546505055552-51bb0721-2479\">DOWNLOADS<\/a>[\/vc_column_text][\/vc_column][\/vc_row][vc_row][vc_column][\/vc_column][\/vc_row][vc_row][vc_column][\/vc_column][\/vc_row]<\/p>\n<\/section>","protected":false},"excerpt":{"rendered":"<p>[vc_row][vc_column][vc_column_text] DR\u00d6SSLER Spannbeton Wir vermitteln und betreuen Ihr Bauvorhaben mit Dr\u00f6ssler Spannbetonbeh\u00e4ltern. Diese zeichnen sich durch die sehr gute Betonqualit\u00e4t der Fertigelemente aus! Durch das Betonieren in einer Produktionsstra\u00dfe, wo die Elemente liegend betoniert werden, also eine Betonh\u00f6he von nur einigen Zentimetern, sind gro\u00dfe Rissbildungen und Abplatzungen ein Fremdwort! Die Wandelemente werden mit Spezialfahrzeugen an [&hellip;]<\/p>\n","protected":false},"author":1,"featured_media":2213,"parent":0,"menu_order":0,"comment_status":"closed","ping_status":"closed","template":"","meta":{"footnotes":""},"class_list":["post-81","page","type-page","status-publish","has-post-thumbnail","hentry"],"yoast_head":"<!-- This site is optimized with the Yoast SEO plugin v27.3 - https:\/\/yoast.com\/product\/yoast-seo-wordpress\/ -->\n<title>Beh\u00e4lterbau und Abdeckungen - Hubert Weber GmbH<\/title>\n<meta name=\"robots\" content=\"index, follow, max-snippet:-1, max-image-preview:large, max-video-preview:-1\" \/>\n<link rel=\"canonical\" href=\"https:\/\/www.weber-bitburg.de\/wp\/behaelterbau\/\" \/>\n<meta property=\"og:locale\" content=\"de_DE\" \/>\n<meta property=\"og:type\" content=\"article\" \/>\n<meta property=\"og:title\" content=\"Beh\u00e4lterbau und Abdeckungen - Hubert Weber GmbH\" \/>\n<meta property=\"og:description\" content=\"[vc_row][vc_column][vc_column_text] DR\u00d6SSLER Spannbeton Wir vermitteln und betreuen Ihr Bauvorhaben mit Dr\u00f6ssler Spannbetonbeh\u00e4ltern. Diese zeichnen sich durch die sehr gute Betonqualit\u00e4t der Fertigelemente aus! Durch das Betonieren in einer Produktionsstra\u00dfe, wo die Elemente liegend betoniert werden, also eine Betonh\u00f6he von nur einigen Zentimetern, sind gro\u00dfe Rissbildungen und Abplatzungen ein Fremdwort! Die Wandelemente werden mit Spezialfahrzeugen an [&hellip;]\" \/>\n<meta property=\"og:url\" content=\"https:\/\/www.weber-bitburg.de\/wp\/behaelterbau\/\" \/>\n<meta property=\"og:site_name\" content=\"Hubert Weber GmbH\" \/>\n<meta property=\"article:modified_time\" content=\"2023-04-26T10:54:08+00:00\" \/>\n<meta property=\"og:image\" content=\"https:\/\/www.weber-bitburg.de\/wp\/wp-content\/uploads\/2018\/12\/dach3.jpg\" \/>\n\t<meta property=\"og:image:width\" content=\"1152\" \/>\n\t<meta property=\"og:image:height\" content=\"864\" \/>\n\t<meta property=\"og:image:type\" content=\"image\/jpeg\" \/>\n<meta name=\"twitter:card\" content=\"summary_large_image\" \/>\n<meta name=\"twitter:label1\" content=\"Gesch\u00e4tzte Lesezeit\" \/>\n\t<meta name=\"twitter:data1\" content=\"3\u00a0Minuten\" \/>\n<script type=\"application\/ld+json\" class=\"yoast-schema-graph\">{\"@context\":\"https:\\\/\\\/schema.org\",\"@graph\":[{\"@type\":\"WebPage\",\"@id\":\"https:\\\/\\\/www.weber-bitburg.de\\\/wp\\\/behaelterbau\\\/\",\"url\":\"https:\\\/\\\/www.weber-bitburg.de\\\/wp\\\/behaelterbau\\\/\",\"name\":\"Beh\u00e4lterbau und Abdeckungen - Hubert Weber GmbH\",\"isPartOf\":{\"@id\":\"http:\\\/\\\/www.weber-bitburg.de\\\/wp\\\/#website\"},\"primaryImageOfPage\":{\"@id\":\"https:\\\/\\\/www.weber-bitburg.de\\\/wp\\\/behaelterbau\\\/#primaryimage\"},\"image\":{\"@id\":\"https:\\\/\\\/www.weber-bitburg.de\\\/wp\\\/behaelterbau\\\/#primaryimage\"},\"thumbnailUrl\":\"https:\\\/\\\/www.weber-bitburg.de\\\/wp\\\/wp-content\\\/uploads\\\/2018\\\/12\\\/dach3.jpg\",\"datePublished\":\"2018-12-15T19:48:46+00:00\",\"dateModified\":\"2023-04-26T10:54:08+00:00\",\"breadcrumb\":{\"@id\":\"https:\\\/\\\/www.weber-bitburg.de\\\/wp\\\/behaelterbau\\\/#breadcrumb\"},\"inLanguage\":\"de\",\"potentialAction\":[{\"@type\":\"ReadAction\",\"target\":[\"https:\\\/\\\/www.weber-bitburg.de\\\/wp\\\/behaelterbau\\\/\"]}]},{\"@type\":\"ImageObject\",\"inLanguage\":\"de\",\"@id\":\"https:\\\/\\\/www.weber-bitburg.de\\\/wp\\\/behaelterbau\\\/#primaryimage\",\"url\":\"https:\\\/\\\/www.weber-bitburg.de\\\/wp\\\/wp-content\\\/uploads\\\/2018\\\/12\\\/dach3.jpg\",\"contentUrl\":\"https:\\\/\\\/www.weber-bitburg.de\\\/wp\\\/wp-content\\\/uploads\\\/2018\\\/12\\\/dach3.jpg\",\"width\":1152,\"height\":864},{\"@type\":\"BreadcrumbList\",\"@id\":\"https:\\\/\\\/www.weber-bitburg.de\\\/wp\\\/behaelterbau\\\/#breadcrumb\",\"itemListElement\":[{\"@type\":\"ListItem\",\"position\":1,\"name\":\"Startseite\",\"item\":\"http:\\\/\\\/www.weber-bitburg.de\\\/wp\\\/\"},{\"@type\":\"ListItem\",\"position\":2,\"name\":\"Beh\u00e4lterbau und Abdeckungen\"}]},{\"@type\":\"WebSite\",\"@id\":\"http:\\\/\\\/www.weber-bitburg.de\\\/wp\\\/#website\",\"url\":\"http:\\\/\\\/www.weber-bitburg.de\\\/wp\\\/\",\"name\":\"Hubert Weber GmbH\",\"description\":\"Ihr Fachgesch\u00e4ft f\u00fcr Tierhaltung + Reitsport + Stallbau\",\"potentialAction\":[{\"@type\":\"SearchAction\",\"target\":{\"@type\":\"EntryPoint\",\"urlTemplate\":\"http:\\\/\\\/www.weber-bitburg.de\\\/wp\\\/?s={search_term_string}\"},\"query-input\":{\"@type\":\"PropertyValueSpecification\",\"valueRequired\":true,\"valueName\":\"search_term_string\"}}],\"inLanguage\":\"de\"}]}<\/script>\n<!-- \/ Yoast SEO plugin. -->","yoast_head_json":{"title":"Beh\u00e4lterbau und Abdeckungen - Hubert Weber GmbH","robots":{"index":"index","follow":"follow","max-snippet":"max-snippet:-1","max-image-preview":"max-image-preview:large","max-video-preview":"max-video-preview:-1"},"canonical":"https:\/\/www.weber-bitburg.de\/wp\/behaelterbau\/","og_locale":"de_DE","og_type":"article","og_title":"Beh\u00e4lterbau und Abdeckungen - Hubert Weber GmbH","og_description":"[vc_row][vc_column][vc_column_text] DR\u00d6SSLER Spannbeton Wir vermitteln und betreuen Ihr Bauvorhaben mit Dr\u00f6ssler Spannbetonbeh\u00e4ltern. Diese zeichnen sich durch die sehr gute Betonqualit\u00e4t der Fertigelemente aus! Durch das Betonieren in einer Produktionsstra\u00dfe, wo die Elemente liegend betoniert werden, also eine Betonh\u00f6he von nur einigen Zentimetern, sind gro\u00dfe Rissbildungen und Abplatzungen ein Fremdwort! Die Wandelemente werden mit Spezialfahrzeugen an [&hellip;]","og_url":"https:\/\/www.weber-bitburg.de\/wp\/behaelterbau\/","og_site_name":"Hubert Weber GmbH","article_modified_time":"2023-04-26T10:54:08+00:00","og_image":[{"width":1152,"height":864,"url":"https:\/\/www.weber-bitburg.de\/wp\/wp-content\/uploads\/2018\/12\/dach3.jpg","type":"image\/jpeg"}],"twitter_card":"summary_large_image","twitter_misc":{"Gesch\u00e4tzte Lesezeit":"3\u00a0Minuten"},"schema":{"@context":"https:\/\/schema.org","@graph":[{"@type":"WebPage","@id":"https:\/\/www.weber-bitburg.de\/wp\/behaelterbau\/","url":"https:\/\/www.weber-bitburg.de\/wp\/behaelterbau\/","name":"Beh\u00e4lterbau und Abdeckungen - Hubert Weber GmbH","isPartOf":{"@id":"http:\/\/www.weber-bitburg.de\/wp\/#website"},"primaryImageOfPage":{"@id":"https:\/\/www.weber-bitburg.de\/wp\/behaelterbau\/#primaryimage"},"image":{"@id":"https:\/\/www.weber-bitburg.de\/wp\/behaelterbau\/#primaryimage"},"thumbnailUrl":"https:\/\/www.weber-bitburg.de\/wp\/wp-content\/uploads\/2018\/12\/dach3.jpg","datePublished":"2018-12-15T19:48:46+00:00","dateModified":"2023-04-26T10:54:08+00:00","breadcrumb":{"@id":"https:\/\/www.weber-bitburg.de\/wp\/behaelterbau\/#breadcrumb"},"inLanguage":"de","potentialAction":[{"@type":"ReadAction","target":["https:\/\/www.weber-bitburg.de\/wp\/behaelterbau\/"]}]},{"@type":"ImageObject","inLanguage":"de","@id":"https:\/\/www.weber-bitburg.de\/wp\/behaelterbau\/#primaryimage","url":"https:\/\/www.weber-bitburg.de\/wp\/wp-content\/uploads\/2018\/12\/dach3.jpg","contentUrl":"https:\/\/www.weber-bitburg.de\/wp\/wp-content\/uploads\/2018\/12\/dach3.jpg","width":1152,"height":864},{"@type":"BreadcrumbList","@id":"https:\/\/www.weber-bitburg.de\/wp\/behaelterbau\/#breadcrumb","itemListElement":[{"@type":"ListItem","position":1,"name":"Startseite","item":"http:\/\/www.weber-bitburg.de\/wp\/"},{"@type":"ListItem","position":2,"name":"Beh\u00e4lterbau und Abdeckungen"}]},{"@type":"WebSite","@id":"http:\/\/www.weber-bitburg.de\/wp\/#website","url":"http:\/\/www.weber-bitburg.de\/wp\/","name":"Hubert Weber GmbH","description":"Ihr Fachgesch\u00e4ft f\u00fcr Tierhaltung + Reitsport + Stallbau","potentialAction":[{"@type":"SearchAction","target":{"@type":"EntryPoint","urlTemplate":"http:\/\/www.weber-bitburg.de\/wp\/?s={search_term_string}"},"query-input":{"@type":"PropertyValueSpecification","valueRequired":true,"valueName":"search_term_string"}}],"inLanguage":"de"}]}},"_links":{"self":[{"href":"https:\/\/www.weber-bitburg.de\/wp\/wp-json\/wp\/v2\/pages\/81","targetHints":{"allow":["GET"]}}],"collection":[{"href":"https:\/\/www.weber-bitburg.de\/wp\/wp-json\/wp\/v2\/pages"}],"about":[{"href":"https:\/\/www.weber-bitburg.de\/wp\/wp-json\/wp\/v2\/types\/page"}],"author":[{"embeddable":true,"href":"https:\/\/www.weber-bitburg.de\/wp\/wp-json\/wp\/v2\/users\/1"}],"replies":[{"embeddable":true,"href":"https:\/\/www.weber-bitburg.de\/wp\/wp-json\/wp\/v2\/comments?post=81"}],"version-history":[{"count":57,"href":"https:\/\/www.weber-bitburg.de\/wp\/wp-json\/wp\/v2\/pages\/81\/revisions"}],"predecessor-version":[{"id":1963,"href":"https:\/\/www.weber-bitburg.de\/wp\/wp-json\/wp\/v2\/pages\/81\/revisions\/1963"}],"wp:featuredmedia":[{"embeddable":true,"href":"https:\/\/www.weber-bitburg.de\/wp\/wp-json\/wp\/v2\/media\/2213"}],"wp:attachment":[{"href":"https:\/\/www.weber-bitburg.de\/wp\/wp-json\/wp\/v2\/media?parent=81"}],"curies":[{"name":"wp","href":"https:\/\/api.w.org\/{rel}","templated":true}]}}